{"id":83,"date":"2016-03-25T18:06:42","date_gmt":"2016-03-25T18:06:42","guid":{"rendered":"http:\/\/irinabitkova.com\/home\/?page_id=83"},"modified":"2016-04-06T05:45:06","modified_gmt":"2016-04-06T05:45:06","slug":"bienvenida","status":"publish","type":"page","link":"https:\/\/irinabitkova.com\/home\/bienvenida\/","title":{"rendered":"BIENVENIDA"},"content":{"rendered":"<div id=\"attachment_69\" style=\"width: 2200px\" class=\"wp-caption alignnone\"><img loading=\"lazy\" decoding=\"async\" aria-describedby=\"caption-attachment-69\" class=\"size-full wp-image-69\" src=\"https:\/\/irinabitkova.com\/home\/wp-content\/uploads\/2016\/03\/Feliz-dia-de-la-mujer-2.jpg\" alt=\"08 de Marzo d\u00eda de la Mujer\" width=\"2190\" height=\"3300\" srcset=\"https:\/\/irinabitkova.com\/home\/wp-content\/uploads\/2016\/03\/Feliz-dia-de-la-mujer-2.jpg 2190w, https:\/\/irinabitkova.com\/home\/wp-content\/uploads\/2016\/03\/Feliz-dia-de-la-mujer-2-199x300.jpg 199w, https:\/\/irinabitkova.com\/home\/wp-content\/uploads\/2016\/03\/Feliz-dia-de-la-mujer-2-150x226.jpg 150w\" sizes=\"auto, (max-width: 2190px) 100vw, 2190px\" \/><p id=\"caption-attachment-69\" class=\"wp-caption-text\">08 de Marzo d\u00eda de la Mujer<\/p><\/div>\n<p style=\"text-align: justify;\">Quiero expresarle mi m\u00e1s sincero agradecimiento a usted amigo o amiga que hoy me honra con su visita a mi Website, as\u00ed como el apoyo y solidaridad recibida para con mi familia en las diferentes redes sociales y sitios de opini\u00f3n en los cuales participo.<\/p>\n<p style=\"text-align: justify;\">A lo largo de mi vida he logrado experimentar diferentes facetas positivas de mi vida, como lo es: ser esposa, madre y empresaria exitosa y vivir experiencias de dolor y angustia como lo fue el secuestro y tortura de mi hija Anastasia en Rusia, el Robo de nuestro negocio de pulpa de papel por parte del Gobierno Ruso extremos que nos obligaron a migrar a este continente buscando refugiarnos y protecci\u00f3n para nuestras vidas.<\/p>\n<p style=\"text-align: justify;\">Lamentablemente en Guatemala ha continuado nuestro drama ya que despu\u00e9s de vivir durante seis a\u00f1os en paz, fui privada de mi libertad con toda mi familia en virtud que en Guatemala, a\u00fan no se ha aplicado a nuestro caso la \u00a0CONVENCI\u00d3N DE PALERMO, la cual exime la responsabilidad penal por el delito leve que se nos atribuye.<\/p>\n<p style=\"text-align: justify;\">Con mi familia hemos cultivado la filosof\u00eda que en este mundo se tiene que dejar una huella positiva para ayudar al pr\u00f3jimo, identificando y deteniendo la maldad, injusticias y corrupci\u00f3n las cuales no distinguen a familias, hombres, mujeres o ni\u00f1os.<\/p>\n<p style=\"text-align: justify;\">A trav\u00e9s de la tragedia que he vivido junto con toda mi familia, he pensado continuamente en el sufrimiento de otras v\u00edctimas que no saben c\u00f3mo defenderse eficazmente, ya sea por falta de recursos o carencia de una eficaz y oportuna asistencia legal, victimas que tienen a resignarse a llevar sus penas sufrimientos en silencio.<\/p>\n<p style=\"text-align: justify;\">Hoy quiero invitar a todas las autoridades, organizaciones y personas individuales o jur\u00eddicas, al cambio para que no sean simples observadores de las tragedias humanas, sino que se vuelvan instrumentos que ayuden al pr\u00f3jimo.<\/p>\n<p style=\"text-align: justify;\">Como mujer, esposa y madre exhorto a que juntos podamos dejar una huella en cada persona, que este atravesando por circunstancias de drama y dolor brind\u00e1ndole el apoyo necesario que tengamos a nuestro alcance.<\/p>\n<p style=\"text-align: justify;\">Sinceramente.<\/p>\n<h2 style=\"text-align: center;\"><span style=\"color: #ff0000;\">Irina Bitkova<\/span><\/h2>","protected":false},"excerpt":{"rendered":"<p>Quiero expresarle mi m\u00e1s sincero agradecimiento a usted amigo o amiga que hoy me honra con su visita a mi Website, as\u00ed como el apoyo y solidaridad recibida para con mi familia en las diferentes redes sociales y sitios de opini\u00f3n en los cuales participo. A lo largo de mi vida he logrado experimentar diferentes [&hellip;]<\/p>\n","protected":false},"author":1,"featured_media":0,"parent":0,"menu_order":1,"comment_status":"closed","ping_status":"closed","template":"","meta":{"footnotes":""},"class_list":["post-83","page","type-page","status-publish","hentry"],"_links":{"self":[{"href":"https:\/\/irinabitkova.com\/home\/wp-json\/wp\/v2\/pages\/83","targetHints":{"allow":["GET"]}}],"collection":[{"href":"https:\/\/irinabitkova.com\/home\/wp-json\/wp\/v2\/pages"}],"about":[{"href":"https:\/\/irinabitkova.com\/home\/wp-json\/wp\/v2\/types\/page"}],"author":[{"embeddable":true,"href":"https:\/\/irinabitkova.com\/home\/wp-json\/wp\/v2\/users\/1"}],"replies":[{"embeddable":true,"href":"https:\/\/irinabitkova.com\/home\/wp-json\/wp\/v2\/comments?post=83"}],"version-history":[{"count":0,"href":"https:\/\/irinabitkova.com\/home\/wp-json\/wp\/v2\/pages\/83\/revisions"}],"wp:attachment":[{"href":"https:\/\/irinabitkova.com\/home\/wp-json\/wp\/v2\/media?parent=83"}],"curies":[{"name":"wp","href":"https:\/\/api.w.org\/{rel}","templated":true}]}}