{"id":166,"date":"2016-04-06T05:44:53","date_gmt":"2016-04-06T05:44:53","guid":{"rendered":"http:\/\/irinabitkova.com\/home\/?page_id=166"},"modified":"2016-04-09T15:27:19","modified_gmt":"2016-04-09T15:27:19","slug":"videos","status":"publish","type":"page","link":"https:\/\/irinabitkova.com\/home\/videos\/","title":{"rendered":"VIDEOS"},"content":{"rendered":"<h4 style=\"text-align: center;\"><strong>Programa Denuncia Ciudadana<\/strong><\/h4>\n<div class=\"su-youtube su-u-responsive-media-yes\"><iframe loading=\"lazy\" width=\"600\" height=\"400\" src=\"https:\/\/www.youtube.com\/embed\/Dl70SIHa6bg?autohide=2&amp;autoplay=0&amp;mute=0&amp;controls=1&amp;fs=1&amp;loop=0&amp;modestbranding=0&amp;rel=0&amp;showinfo=1&amp;theme=dark&amp;wmode=&amp;playsinline=0\" frameborder=\"0\" allowfullscreen allow=\"autoplay; encrypted-media; picture-in-picture\" title=\"\"><\/iframe><\/div>\n<p style=\"text-align: justify;\">La ciudadana rusa Irina Bitkova, que junto a su familia fue victima de una red de corrupci\u00f3n en Migraci\u00f3n y Renap, ahora denuncia abusos de parte de una juez de la ni\u00f1ez y en el el orfanato en donde por un tiempo internaron a su hijo.<\/p>","protected":false},"excerpt":{"rendered":"<p>Programa Denuncia Ciudadana La ciudadana rusa Irina Bitkova, que junto a su familia fue victima de una red de corrupci\u00f3n en Migraci\u00f3n y Renap, ahora denuncia abusos de parte de una juez de la ni\u00f1ez y en el el orfanato en donde por un tiempo internaron a su hijo.<\/p>\n","protected":false},"author":1,"featured_media":0,"parent":0,"menu_order":3,"comment_status":"closed","ping_status":"closed","template":"","meta":{"footnotes":""},"class_list":["post-166","page","type-page","status-publish","hentry"],"_links":{"self":[{"href":"https:\/\/irinabitkova.com\/home\/wp-json\/wp\/v2\/pages\/166","targetHints":{"allow":["GET"]}}],"collection":[{"href":"https:\/\/irinabitkova.com\/home\/wp-json\/wp\/v2\/pages"}],"about":[{"href":"https:\/\/irinabitkova.com\/home\/wp-json\/wp\/v2\/types\/page"}],"author":[{"embeddable":true,"href":"https:\/\/irinabitkova.com\/home\/wp-json\/wp\/v2\/users\/1"}],"replies":[{"embeddable":true,"href":"https:\/\/irinabitkova.com\/home\/wp-json\/wp\/v2\/comments?post=166"}],"version-history":[{"count":0,"href":"https:\/\/irinabitkova.com\/home\/wp-json\/wp\/v2\/pages\/166\/revisions"}],"wp:attachment":[{"href":"https:\/\/irinabitkova.com\/home\/wp-json\/wp\/v2\/media?parent=166"}],"curies":[{"name":"wp","href":"https:\/\/api.w.org\/{rel}","templated":true}]}}